{"id":1836,"date":"2022-12-14T12:11:26","date_gmt":"2022-12-14T08:11:26","guid":{"rendered":"https:\/\/anima.az\/resid-agamaliyev\/"},"modified":"2024-04-27T18:54:55","modified_gmt":"2024-04-27T14:54:55","slug":"rashid-aghamaliyev","status":"publish","type":"page","link":"https:\/\/anima.az\/en\/rashid-aghamaliyev\/","title":{"rendered":"Rashid Aghamaliyev"},"content":{"rendered":"<p><img fetchpriority=\"high\" decoding=\"async\" src=\"https:\/\/anima.az\/wp-content\/uploads\/2022\/12\/s1-284x300.png\" alt=\"\" width=\"284\" height=\"300\" \/><\/p>\n<p>Director, producer, screenwriter<\/p>\n<p><b>Biography:<\/b><\/p>\n<p>Rashid Aghamaliyev was born on October 28, 1992. He studied philosophy at Utrecht University in the Netherlands in 2015. In 2017, he received a bachelor\u2019s degree in Film Studies and Philology of the English Language at Palack\u00fd University, Olomouc, Czech Republic. In 2018, he graduated from the Film Production course at the Film and Television Faculty of the Academy of Performing Arts in Prague (FAMU).<\/p>\n<p>He is the co-author and editor-in-chief of the book Azerbaijan Animation published in 2018. He is the founder and director of the ANIMAFILM International Animation Festival, established in 2018. Since 2020, he has been the managing director of ANIMAFILM Studio based at &#8220;PERI FILM&#8221; LLC.<\/p>\n<p>Rashid Aghamaliyev is the co-founder and chairperson of the Azerbaijan Animation Association.<\/p>\n<p><b>Links:<\/b><\/p>\n<p><a href=\"https:\/\/www.instagram.com\/rashid.aghamali\/\">Rashid Agamaliyev &#8211; Instagram<\/a><\/p>\n<p><a href=\"https:\/\/www.facebook.com\/rashid.aghamaliyev\/\">Rashid Agamaliyev &#8211; Facebook<\/a><\/p>\n<p><a href=\"https:\/\/www.animafilm.studio\/\">ANIMAFILM Studio &#8211; Website<\/a><\/p>\n<p><a href=\"https:\/\/www.instagram.com\/animafilm.studio\/\">ANIMAFILM Studio &#8211; Instagram<\/a><\/p>\n<p><a href=\"https:\/\/animafilm.az\/\">AN\u0130MAF\u0130LM festival\u0131 &#8211; Vebsayt<\/a><\/p>\n<p><a href=\"https:\/\/www.instagram.com\/animafilm.festival\/\">ANIMAFILM Festival &#8211; Instagram<\/a><\/p>\n<p><a href=\"https:\/\/anima.az\/en\/fealiyyet\/azerbaycan-animasiyasi-kitabi\/\">Azerbaijan Animation book<\/a><\/p>\n<p><b>Filmography:<\/b><\/p>\n<ol>\n<li>Dialogues with Zuleyha (2019, short documentary) &#8211; director, producer<\/li>\n<li>Where is Sara? (2021, animated\u00a0short\u00a0film) \u2013 executive producer<\/li>\n<li>Even Mice Belong in Heaven (2021, animated feature film) \u2013 production assistant<\/li>\n<li>Hadis (2023,\u00a0animated\u00a0short\u00a0film) \u2013 producer<\/li>\n<li>Narq\u0131z (2024,\u00a0animated\u00a0short\u00a0film. Production) &#8211; producer<\/li>\n<li>Unusual Fear (animated\u00a0short\u00a0film. Development) \u2013 producer<\/li>\n<li>Isi and Tutu (Animated Series.\u00a0Development) &#8211; Producer, author of idea<\/li>\n<li>Hard Times (animated\u00a0short\u00a0film. Development)\u00a0\u2013\u00a0director<\/li>\n<\/ol>\n","protected":false},"excerpt":{"rendered":"<p><span class=\"excerpt-hellip\"> [\u2026]<\/span><\/p>\n","protected":false},"author":1,"featured_media":0,"parent":0,"menu_order":0,"comment_status":"closed","ping_status":"closed","template":"","meta":{"footnotes":""},"class_list":["post-1836","page","type-page","status-publish","hentry"],"_links":{"self":[{"href":"https:\/\/anima.az\/en\/wp-json\/wp\/v2\/pages\/1836"}],"collection":[{"href":"https:\/\/anima.az\/en\/wp-json\/wp\/v2\/pages"}],"about":[{"href":"https:\/\/anima.az\/en\/wp-json\/wp\/v2\/types\/page"}],"author":[{"embeddable":true,"href":"https:\/\/anima.az\/en\/wp-json\/wp\/v2\/users\/1"}],"replies":[{"embeddable":true,"href":"https:\/\/anima.az\/en\/wp-json\/wp\/v2\/comments?post=1836"}],"version-history":[{"count":28,"href":"https:\/\/anima.az\/en\/wp-json\/wp\/v2\/pages\/1836\/revisions"}],"predecessor-version":[{"id":6688,"href":"https:\/\/anima.az\/en\/wp-json\/wp\/v2\/pages\/1836\/revisions\/6688"}],"wp:attachment":[{"href":"https:\/\/anima.az\/en\/wp-json\/wp\/v2\/media?parent=1836"}],"curies":[{"name":"wp","href":"https:\/\/api.w.org\/{rel}","templated":true}]}}