{"id":5761,"date":"2023-12-17T16:35:49","date_gmt":"2023-12-17T12:35:49","guid":{"rendered":"https:\/\/anima.az\/?page_id=5761"},"modified":"2023-12-17T16:54:25","modified_gmt":"2023-12-17T12:54:25","slug":"serkhan-farhadli","status":"publish","type":"page","link":"https:\/\/anima.az\/en\/serkhan-farhadli\/","title":{"rendered":"Sarkhan Farhadli"},"content":{"rendered":"<p>Screenwriter, animator, director, rig artist<\/p>\n<p><strong>Autobiography:<img fetchpriority=\"high\" decoding=\"async\" class=\"wp-image-5750 alignright\" src=\"https:\/\/anima.az\/wp-content\/uploads\/2023\/12\/sarxan-farhadli.jpg\" alt=\"\" width=\"416\" height=\"390\" srcset=\"https:\/\/anima.az\/wp-content\/uploads\/2023\/12\/sarxan-farhadli.jpg 584w, https:\/\/anima.az\/wp-content\/uploads\/2023\/12\/sarxan-farhadli-300x282.jpg 300w, https:\/\/anima.az\/wp-content\/uploads\/2023\/12\/sarxan-farhadli-156x146.jpg 156w, https:\/\/anima.az\/wp-content\/uploads\/2023\/12\/sarxan-farhadli-50x47.jpg 50w, https:\/\/anima.az\/wp-content\/uploads\/2023\/12\/sarxan-farhadli-80x75.jpg 80w\" sizes=\"(max-width: 416px) 100vw, 416px\" \/><\/strong><\/p>\n<p>The son of Sarkhan Farhadli Huseyn was born on May 4, 1993 in the city of Sheki. After graduating from secondary school No. 18 in Sheki city. He studied at &#8220;Istanbul University of Culture&#8221; Faculty of Economics in Turkey. In 2018-2019, he worked as a director in the &#8220;Bacteri&#8221; advertising company. After taking animation lessons in Turkey, in 2019-2020, he worked as a 2D Animator and Rig artist in the &#8220;House of Dreams&#8221; animation company. In 2020-2021, he worked as a 2D animator at &#8220;Animistic&#8221; animation company.<\/p>\n<p>In 2021, he founded the animation company &#8220;Ad\u0131m Animasyon&#8221; and operates in Istanbul and now in Eski\u015fehir. He worked as a freelance animator in many Turkish and foreign animation companies. The company &#8220;Ad\u0131m Animasyon&#8221;, which he founded, prepares cartoon projects for TRT Children&#8217;s channel, TRT Diyanet Children&#8217;s channel, Cartoon Network, Blu TV and many different YouTube channels.<\/p>\n<p>Member of Azerbaijan Animation Association since 2023.<\/p>\n<p><strong>Links:<\/strong><\/p>\n<p>Website: <a href=\"https:\/\/adimanimasyon.com\/\" target=\"_blank\" rel=\"noopener\">Adimanimasyon.com<\/a><\/p>\n<p>Instagram: <a href=\"https:\/\/www.instagram.com\/adimanimasyon\/\" target=\"_blank\" rel=\"noopener\">@adimanimasyon<\/a><\/p>\n<p>Instagram: <a href=\"https:\/\/www.instagram.com\/serkanferhatll\/\" target=\"_blank\" rel=\"noopener\">@serkanferhatll<\/a><\/p>\n<p><strong>Filmography:<\/strong><\/p>\n<ol>\n<li><span style=\"color: #000000;\">Kare Team (2019-2020, animation series) \u2013 animator<\/span><\/li>\n<li><span style=\"color: #000000;\">Lemon and Olive (2021, animation series) \u2013 animator, director<\/span><\/li>\n<li><span style=\"color: #000000;\">Beads with amber (2021-2022, animation series) \u2013 animator<\/span><\/li>\n<li><span style=\"color: #000000;\">Sagun (2021-2022, animation series) \u2013 animator<\/span><\/li>\n<li><span style=\"color: #000000;\">Nasreddin Hoja (2022, animation series) \u2013 animator<\/span><\/li>\n<li><span style=\"color: #000000;\">Bo and Dodo (2022, animated series) \u2013 script writer, animator, director<\/span><\/li>\n<li><span style=\"color: #000000;\">Hobaao (2022, animation series) &#8211; Director, animator, screenwriter<\/span><\/li>\n<\/ol>\n","protected":false},"excerpt":{"rendered":"<p><span class=\"excerpt-hellip\"> [\u2026]<\/span><\/p>\n","protected":false},"author":1,"featured_media":0,"parent":0,"menu_order":0,"comment_status":"closed","ping_status":"closed","template":"","meta":{"footnotes":""},"class_list":["post-5761","page","type-page","status-publish","hentry"],"_links":{"self":[{"href":"https:\/\/anima.az\/en\/wp-json\/wp\/v2\/pages\/5761"}],"collection":[{"href":"https:\/\/anima.az\/en\/wp-json\/wp\/v2\/pages"}],"about":[{"href":"https:\/\/anima.az\/en\/wp-json\/wp\/v2\/types\/page"}],"author":[{"embeddable":true,"href":"https:\/\/anima.az\/en\/wp-json\/wp\/v2\/users\/1"}],"replies":[{"embeddable":true,"href":"https:\/\/anima.az\/en\/wp-json\/wp\/v2\/comments?post=5761"}],"version-history":[{"count":1,"href":"https:\/\/anima.az\/en\/wp-json\/wp\/v2\/pages\/5761\/revisions"}],"predecessor-version":[{"id":5762,"href":"https:\/\/anima.az\/en\/wp-json\/wp\/v2\/pages\/5761\/revisions\/5762"}],"wp:attachment":[{"href":"https:\/\/anima.az\/en\/wp-json\/wp\/v2\/media?parent=5761"}],"curies":[{"name":"wp","href":"https:\/\/api.w.org\/{rel}","templated":true}]}}